{"id":549,"date":"2025-02-12T21:48:55","date_gmt":"2025-02-12T20:48:55","guid":{"rendered":"https:\/\/herbavitaswiss.ch\/?post_type=product&#038;p=549"},"modified":"2025-10-01T08:55:40","modified_gmt":"2025-10-01T06:55:40","slug":"pestizid-analysed","status":"publish","type":"product","link":"https:\/\/herbavitaswiss.ch\/index.php\/produkt\/pestizid-analysed\/","title":{"rendered":"Pestizid Analyse"},"content":{"rendered":"<p>Ermittlung von Pestizidr\u00fcckst\u00e4nden in pflanzlichen Produkten, um die Einhaltung gesetzlicher Grenzwerte zu gew\u00e4hrleisten.<\/p>\n<p>Nach: <span class=\"OYPEnA font-feature-liga-off font-feature-clig-off font-feature-calt-off text-decoration-none text-strikethrough-none\">Ph.Eur. 2.8.13 Pestizid-R\u00fcckst\u00e4nde und die Verordnung (EG) Nr. 396\/2005<\/span><\/p>\n","protected":false},"excerpt":{"rendered":"<p>Ermittlung von Pestizidr\u00fcckst\u00e4nden in pflanzlichen Produkten<\/p>\n","protected":false},"featured_media":553,"comment_status":"open","ping_status":"closed","template":"","meta":[],"product_brand":[],"product_cat":[30],"product_tag":[32,31],"class_list":{"0":"post-549","1":"product","2":"type-product","3":"status-publish","4":"has-post-thumbnail","6":"product_cat-analysen","7":"product_tag-analyse","8":"product_tag-pestizid","10":"first","11":"instock","12":"taxable","13":"shipping-taxable","14":"purchasable","15":"product-type-simple"},"jetpack_sharing_enabled":true,"_links":{"self":[{"href":"https:\/\/herbavitaswiss.ch\/index.php\/wp-json\/wp\/v2\/product\/549","targetHints":{"allow":["GET"]}}],"collection":[{"href":"https:\/\/herbavitaswiss.ch\/index.php\/wp-json\/wp\/v2\/product"}],"about":[{"href":"https:\/\/herbavitaswiss.ch\/index.php\/wp-json\/wp\/v2\/types\/product"}],"replies":[{"embeddable":true,"href":"https:\/\/herbavitaswiss.ch\/index.php\/wp-json\/wp\/v2\/comments?post=549"}],"wp:featuredmedia":[{"embeddable":true,"href":"https:\/\/herbavitaswiss.ch\/index.php\/wp-json\/wp\/v2\/media\/553"}],"wp:attachment":[{"href":"https:\/\/herbavitaswiss.ch\/index.php\/wp-json\/wp\/v2\/media?parent=549"}],"wp:term":[{"taxonomy":"product_brand","embeddable":true,"href":"https:\/\/herbavitaswiss.ch\/index.php\/wp-json\/wp\/v2\/product_brand?post=549"},{"taxonomy":"product_cat","embeddable":true,"href":"https:\/\/herbavitaswiss.ch\/index.php\/wp-json\/wp\/v2\/product_cat?post=549"},{"taxonomy":"product_tag","embeddable":true,"href":"https:\/\/herbavitaswiss.ch\/index.php\/wp-json\/wp\/v2\/product_tag?post=549"}],"curies":[{"name":"wp","href":"https:\/\/api.w.org\/{rel}","templated":true}]}}