{"id":348,"date":"2024-09-11T11:05:25","date_gmt":"2024-09-11T09:05:25","guid":{"rendered":"https:\/\/herbavitaswiss.ch\/?page_id=348"},"modified":"2024-09-11T11:05:26","modified_gmt":"2024-09-11T09:05:26","slug":"faqs","status":"publish","type":"page","link":"https:\/\/herbavitaswiss.ch\/index.php\/faqs\/","title":{"rendered":"FAQ&#8217;s"},"content":{"rendered":"\n<p class=\"has-medium-font-size\">Was ist CBD?<\/p>\n\n\n\n<p>Die Abk\u00fcrzung CBD steht f\u00fcr Cannabidiol. Es handelt sich hierbei um eine Verbindung, die die in der Cannabispflanze enthalten ist. Sie gilt als eine der wichtigsten Verbindungen und wird aus der Hanfpflanze extrahiert. CBD ist im Gegensatz zu THC, das sich in Marihuana pflanze wiederfindet, nicht psychoaktiv. Der Konsum von CBD ver\u00e4ndert daher nicht den Geisteszustand einer Person.<\/p>\n\n\n\n<p class=\"has-medium-font-size\">Was ist THC?<\/p>\n\n\n\n<p>Die Abk\u00fcrzung THC steht f\u00fcr Tetrahydrocannabinol. Es handelt sich hierbei um die wichtigste Verbindung in der Marihuana Pflanze und geh\u00f6rt ebenso zur Familie der Cannabinoide. THC besitzt im Gegensatz zu CBD psychoaktive Eigenschaften oder sorgt f\u00fcr den bekannten &#8220;High&#8221;-Effekt nach dem dieses konsumiert wird.<\/p>\n\n\n\n<p class=\"has-medium-font-size\">Ist CBD legal?<\/p>\n\n\n\n<p>Wird CBD aus Hanf gewonnen, ist viel weniger THC enthalten. Das bedeutet, dass die psychoaktiven Eigenschaften, die dich &#8220;high&#8221; werden lassen nicht enthalten sind. Seit 2016 sind Produkte, die weniger als 1 % THC enthalten, in der Schweiz legal. In Europa hingegen liegt der zugelassene Wert bei unter 0,3 % THC.<\/p>\n\n\n\n<p class=\"has-medium-font-size\">Ist CBD das einzige Cannabinoid in der Hanfpflanze?<\/p>\n\n\n\n<p>CBD ist eines von zahlreichen Cannabinoiden in der Hanfpflanze. Die uns am bekanntesten sind CBD und THC. Es gibt aber noch Weitere, wie beispielsweise Cannabigerol (CBG), Cannabinol (CBN). Man nimmt an, dass wahrscheinlich rund 200 weitere Cannabinoid Molek\u00fcle zu finden sind.<\/p>\n\n\n\n<p class=\"has-medium-font-size\">Darf man CBD bei sich zu Hause anpflanzen?<\/p>\n\n\n\n<p>Grunds\u00e4tzlich ist es erlaubt CBD bei sich zu Hause anzupflanzen. Der erlaubte Wert von weniger als 1 % THC darf jedoch nicht \u00fcberschritten werden. H\u00e4ltst du dich an diese Anweisungen kannst du deine CBD-Hanfpflanzen zu Hause anbauen und ihnen beim Wachsen zusehen.<\/p>\n\n\n\n<p class=\"has-medium-font-size\">Wird Ihr CBD aus Marihuana hergestellt?<\/p>\n\n\n\n<p>Grunds\u00e4tzlich handelt es sich um dieselbe Pflanze, die sogenannte Cannabis sativa. CBD wird allerdings aus der Hanfpflanze hergestellt. Im Gegensatz zu Marihuana besitzt diese weniger als 0,3% THC, welches psychoaktive Eigenschaften besitzt. Beide Cannabinoide k\u00f6nnen von derselben Pflanze stammen, haben jedoch unterschiedliche Wirkungen auf den K\u00f6rper. CBD besitzt zahlreiche gesundheitliche Vorteile, jedoch keine psychoaktiven Eigenschaften.<\/p>\n\n\n\n<p class=\"has-medium-font-size\">Was sind Cannabinoide?<\/p>\n\n\n\n<p>Bei Cannabinoiden handelt es sich um nat\u00fcrliche Chemikalien, welche sich in der Hanfpflanze wiederfinden. Um eine positive Auswirkung auf unseren K\u00f6rper haben zu k\u00f6nnen, interagieren sie mit verschiedenen Rezeptoren. Es finden sich \u00fcber 100 Cannabinoide in Hanfpflanzen CBD und THC z\u00e4hlen zu den h\u00e4ufigsten. Cannabinoide haben unterschiedliche Auswirkungen auf unseren K\u00f6rper, da sie auf unterschiedliche Weise mit den Rezeptoren reagieren.<\/p>\n\n\n\n<p class=\"has-medium-font-size\">Was ist der &#8220;Entourage-Effekt&#8221;?<\/p>\n\n\n\n<p>Als Entourage-Effekt wird die Reaktion beschrieben, die hervorgerufen wird, wenn die verschiedenen Bestandteile der Cannabispflanze zusammenwirken. Die Effekte auf unseren K\u00f6rper treten demnach verst\u00e4rkt auf und zeigen eine gr\u00f6ssere Wirksamkeit, als wenn die Bestandteile voneinander getrennt werden und unabh\u00e4ngig voneinander dem K\u00f6rper zugef\u00fchrt werden.<\/p>\n\n\n\n<p class=\"has-medium-font-size\">Wie lange h\u00e4lt CBD an?<\/p>\n\n\n\n<p>Die Wirkung von CBD h\u00e4lt normalerweise zwischen 6-12 Stunden an, was jedoch nicht bedeutet, dass die Substanz aus dem Organismus ausgeschieden wurde. Die Halbwertszeit von CBD betr\u00e4gt n\u00e4mlich 1-2 Tage. Aufgrund der langen Halbwertszeit verweilt der Wirkstoff bei regelm\u00e4\u00dfigem Gebrauch l\u00e4nger im K\u00f6rper.<\/p>\n\n\n\n<p class=\"has-medium-font-size\">Wie wird CBD-\u00d6l hergestellt?<\/p>\n\n\n\n<p>Es gibt verschiedene Arten, CBD-\u00d6l herzustellen. Bei der traditionellen Methode werden die getrockneten Bl\u00e4tter und Bl\u00fcten in einem Tr\u00e4ger \u00d6l eingeweicht (Kokosnuss\u00f6l oder Oliven\u00f6l) und somit die medizinischen Substanzen ins \u00d6l zerstreut. Das \u00d6l wird nach Wochen gefiltert und die medizinischen Wirkstoffe werden eingeschlossen.<\/p>\n\n\n\n<p class=\"has-medium-font-size\">Kann man mit CBD \u00fcberdosieren?<\/p>\n\n\n\n<p>Auch eine hohe Dosierung an CBD ist nicht t\u00f6dlich. Du kannst demnach nicht \u00fcberdosieren. Es kann jedoch bei einer zu hohen Einnahme zu Nebenwirkungen wie Lethargie und Schl\u00e4frigkeit kommen. In diesem Fall solltest du keine Maschinen bedienen. Es wird davon abgeraten, sich in so einem Zustand ans Lenkrad zu setzen.<\/p>\n\n\n\n<p class=\"has-medium-font-size\">Macht CBD s\u00fcchtig?<\/p>\n\n\n\n<p>CBD kann nicht s\u00fcchtig machen, jedoch zu einer Gewohnheit werden. Die zahlreichen positiven Auswirkungen, die es dem K\u00f6rper erlauben, sich zu entspannen und Schmerzen zu lindern, bringen ein Gef\u00fchl der Erleichterung nach dem sich viele Personen sehnen. Es handelt sich hierbei jedoch nicht um Abh\u00e4ngigkeit, sondern lediglich um Symptomlinderung.<\/p>\n\n\n\n<p class=\"has-medium-font-size\">Kann ich CBD \u00d6l zur Schmerzlinderung nehmen?<\/p>\n\n\n\n<p>Es wird empfohlen CBD zur Linderung von Schmerzen zu nehmen. Laut Erfahrungsberichten soll es jedoch nicht nur bei leichten Schmerzen Abhilfe schaffen, sondern auch zur Verbesserung chronischer Schmerzen beitragen. Ein Gespr\u00e4ch mit einem Arzt kann Klarheit verschaffen.<\/p>\n\n\n\n<p class=\"has-medium-font-size\">Kann ich CBD-\u00d6l gegen Schlafprobleme einnehmen?<\/p>\n\n\n\n<p>Einige Studien weisen darauf hin, dass CBD bei Schlafproblemen behilflich sein kann, da es sich auf das Endocannabinoid-System auswirkt. Dieses ist unter anderem f\u00fcr die Beeinflussung des Schlafs im K\u00f6rper verantwortlich. Da CBD jedoch unterschiedliche Auswirkungen auf unterschiedliche Personen hat, ist es ratsam, zuvor Nachforschungen anzustellen und sich vor der Einnahme mit einem Arzt in Verbindung zu setzen.<\/p>\n\n\n\n<p class=\"has-medium-font-size\">Hat CBD Nebenwirkungen?<\/p>\n\n\n\n<p>Da jeder Mensch unterschiedlich auf Lebensmittel reagiert, ist es ratsam, sich zuvor zu informieren. In seltenen F\u00e4llen kann es auch hier zu Allergien kommen. Zu den m\u00f6glichen Nebenwirkungen geh\u00f6ren beispielsweise Stimmungsschwankungen, Verdauungsprobleme oder Schl\u00e4frigkeit. Beobachte welche Reaktionen bei dir auftreten und besprich alles weitere mit deinem Arzt.<\/p>\n\n\n\n<p class=\"has-medium-font-size\">Werde ich einen Drogentest bestehen?<\/p>\n\n\n\n<p>Wenn du dich einem Drogentest unterziehst, solltest du unsere Produkte nicht zu dir nehmen. CBD-Produkte machen dich zwar nicht &#8220;high&#8221;, allerdings ist eine kleine Spur von THC enthalten, was das Ergebnis deines Drogentests beeinflussen kann. Es handelt sich immerhin um ein Hanfprodukt.<\/p>\n\n\n\n<p class=\"has-medium-font-size\">Wird CBD mich \u201chigh\u201d machen?<\/p>\n\n\n\n<p>Da in CBD Produkten kaum THC enthalten ist, ist die Wahrscheinlichkeit \u201chigh\u201d zu werden, nicht gegeben. Ein THC Wert von weniger als 0,3 % ist zu niedrig, um eine psychoaktive Reaktion hervorzurufen. Dieser Wert muss den Vorschriften entsprechen und darf nicht \u00fcberschritten werden.<\/p>\n\n\n\n<p class=\"has-medium-font-size\">Wann sollte ich CBD anwenden?<\/p>\n\n\n\n<p>Du kannst CBD zu jeder Tageszeit anwenden. Es gibt hier keine festen Regeln. Viele nehmen CBD entweder morgens oder abends, damit sie den ganzen Tag von den Vorteilen profitieren oder nachts gut durchschlafen k\u00f6nnen. Es kommt darauf an, was du mit dem Produkt erzielen m\u00f6chtest. Am besten ist es, du h\u00f6rst auf deinen K\u00f6rper.<\/p>\n\n\n\n<p class=\"has-medium-font-size\">Wo sollte ich meine CBD-Produkte lagern?<\/p>\n\n\n\n<p>CBD-Produkte sollten grunds\u00e4tzlich nicht in R\u00e4umen gelagert werden, in denen sie von direktem Sonnenlicht bestrahlt werden. Wir empfehlen dir, sie trocken und k\u00fchl aufzubewahren. Wichtig ist vor allem, sie vor direkter Sonneneinstrahlung zu sch\u00fctzen.<\/p>\n\n\n\n<p class=\"has-medium-font-size\">Kann die Farbe meiner CBD-Tinktur variieren?<\/p>\n\n\n\n<p>Die Farbe kann aufgrund der Jahreszeiten ein wenig variieren, da keine Farbstoffe oder andere Zusatzstoffe in unseren Produkten verwendet werden. In der Natur kommt es oftmals zu leichten Unterschieden, die sich in der Farbgebung widerspiegeln kann. Dies beeinflusst jedoch nicht die Qualit\u00e4t des CBD-\u00d6ls. Diese wird selbstverst\u00e4ndlich von uns \u00fcberpr\u00fcft.<\/p>\n\n\n\n<p class=\"has-medium-font-size\">Wie f\u00fchlt es sich an, wenn man CBD einnimmt?<\/p>\n\n\n\n<p>Jeder K\u00f6rper reagiert anders auf CBD, daher ist es wichtig, sich an die Dosierung zu halten. Grunds\u00e4tzlich wurde festgestellt, dass CBD zahlreiche positive Auswirkungen hat. Bei manchen tritt Entspannung ein, andere berichten von Linderungen Von Beschwerden wie beispielsweise Angstzust\u00e4nde, Schmerzen, Entz\u00fcndungen sowie eine generelle Verbesserung der Stimmung.<\/p>\n\n\n\n<p class=\"has-medium-font-size\">Kann ich CBD-\u00d6l bei Angstzust\u00e4nden, Depressionen oder Stress einnehmen?<\/p>\n\n\n\n<p>Da CBD einen Einfluss auf das Endo Cannabinoid-System besitzt, was f\u00fcr die Regulierung von Stress- und Angstreaktionen zust\u00e4ndig ist, wird erforscht, ob es in Zukunft zur Behandlung von Angstst\u00f6rungen eingesetzt werden kann. Erfahrungsberichte best\u00e4tigen die positiven Auswirkungen bei Angstzust\u00e4nden sowie Depression. Auch in diesem Fall solltest du zuvor mit einem Arzt \u00fcber eine m\u00f6gliche Behandlung sprechen.<\/p>\n\n\n\n<p class=\"has-medium-font-size\">Kann ich CBD-\u00d6l gegen Entz\u00fcndungen einnehmen?<\/p>\n\n\n\n<p>Zahlreiche Personen berichten, dass sie sich nach der Einnahme von CBD-\u00d6l besser f\u00fchlen. Es ist kein Wunder, dass dieses oftmals als entz\u00fcndungshemmende Erg\u00e4nzung zum Einsatz kommt. CBD soll aber auch dazu beitragen, andere Symptome zu lindern. Du solltest allerdings auch in diesem Fall einen erfahrenen Arzt konsultieren.<\/p>\n\n\n\n<p class=\"has-medium-font-size\">Sind die Produkte sicher f\u00fcr Haustiere?<\/p>\n\n\n\n<p>Da es sich bei Haustieren um Wirbeltiere handelt, ist die Wahrscheinlichkeit gross, dass unsere Vierbeiner vergleichbare Vorteile erfahren. Bevor du dich allerdings dazu entschliesst, deinem Liebling CBD zu geben, solltest du die Meinung eines Tierarztes einholen. Auf diese Weise erf\u00e4hrst du auch, welche Dosierung die passende ist.<\/p>\n\n\n\n<p class=\"has-medium-font-size\">Wie viel CBD sollte ich einnehmen?<\/p>\n\n\n\n<p>Wie so oft bei einem neuen Produkt eignet es sich, in kleinen Mengen anzufangen. Es wird empfohlen, mit der kleinsten Portionsgr\u00f6\u00dfe anzufangen und dann je nach Bedarf aufzustocken. Beobachte stets, wie du dich nach der Einnahme f\u00fchlst und ob sich m\u00f6gliche Nebenwirkungen bemerkbar machen.<\/p>\n\n\n\n<p class=\"has-medium-font-size\">Hat CBD Wechselwirkungen mit Medikamenten?<\/p>\n\n\n\n<p>Bei der Einnahme von Medikamenten aller Art ist stets die Wechselwirkung der verschiedenen Stoffe zu ber\u00fccksichtigen. Ebenso verh\u00e4lt es sich mit der Einnahme von CBD in Kombination mit Medikamenten. Das Aufsuchen deines Arztes wird dringend empfohlen, um m\u00f6gliche Nebenwirkungen zu vermeiden.<\/p>\n\n\n\n<p class=\"has-medium-font-size\">K\u00f6nnen Kinder CBD einnehmen?<\/p>\n\n\n\n<p>Obwohl CBD vor allem positive Auswirkungen auf den menschlichen K\u00f6rper besitzt, empfehlen wir dir, mit einem Arzt zu sprechen, bevor du deinem Kind ein CBD verabreichst. Kinder reagieren oftmals unterschiedlich auf Stoffe als Erwachsene. Eine professionelle Meinung sollte in diesem Fall unbedingt eingeholt werden.<\/p>\n\n\n\n<p class=\"has-medium-font-size\">Was ist der Unterschied zwischen Hanfsamen \u00d6l, CBD und Hanfextrakt?<\/p>\n\n\n\n<p>Obwohl alle von derselben Pflanze abstammen, gibt es starke Unterschiede zwischen ihnen. Das Hanfsamen \u00f6l wird, wie der Name bereits erahnen l\u00e4sst, aus den Samen der Cannabispflanze gewonnen. Es enth\u00e4lt kein CBD. Aus dem Stamm, den St\u00e4ngeln und Bl\u00fcten wird der Hanfextrakt gewonnen. Dieser enth\u00e4lt einen hohen Anteil an CBD, weshalb Hanfextrakt und CBD oft als Synonym verwendet werden.<\/p>\n\n\n\n<p class=\"has-medium-font-size\">Was sind Adaptogene?<\/p>\n\n\n\n<p>Bei Adaptogen handelt es sich um einen Begriff, der in der Kr\u00e4utermedizin gebraucht wird. Adaptogene beschreiben Substanzen auf nat\u00fcrlicher, pflanzlicher Basis. Diese sollen dem K\u00f6rper dabei behilflich sein, k\u00f6rperliche Prozesse zu normalisieren und somit auch helfen, sich an Stress anzupassen.<\/p>\n\n\n","protected":false},"excerpt":{"rendered":"<p>Was ist CBD? Die Abk\u00fcrzung CBD steht f\u00fcr Cannabidiol. Es handelt sich hierbei um eine Verbindung, die die in der Cannabispflanze enthalten ist. Sie gilt als eine der wichtigsten Verbindungen und wird aus der Hanfpflanze extrahiert. CBD ist im Gegensatz zu THC, das sich in Marihuana pflanze wiederfindet, nicht psychoaktiv. Der Konsum von CBD ver\u00e4ndert [&hellip;]<\/p>\n","protected":false},"author":1,"featured_media":0,"parent":0,"menu_order":0,"comment_status":"closed","ping_status":"closed","template":"","meta":{"_breakdance_hide_in_design_set":false,"_breakdance_tags":"","footnotes":""},"class_list":["post-348","page","type-page","status-publish","hentry"],"jetpack_sharing_enabled":true,"_links":{"self":[{"href":"https:\/\/herbavitaswiss.ch\/index.php\/wp-json\/wp\/v2\/pages\/348","targetHints":{"allow":["GET"]}}],"collection":[{"href":"https:\/\/herbavitaswiss.ch\/index.php\/wp-json\/wp\/v2\/pages"}],"about":[{"href":"https:\/\/herbavitaswiss.ch\/index.php\/wp-json\/wp\/v2\/types\/page"}],"author":[{"embeddable":true,"href":"https:\/\/herbavitaswiss.ch\/index.php\/wp-json\/wp\/v2\/users\/1"}],"replies":[{"embeddable":true,"href":"https:\/\/herbavitaswiss.ch\/index.php\/wp-json\/wp\/v2\/comments?post=348"}],"version-history":[{"count":1,"href":"https:\/\/herbavitaswiss.ch\/index.php\/wp-json\/wp\/v2\/pages\/348\/revisions"}],"predecessor-version":[{"id":349,"href":"https:\/\/herbavitaswiss.ch\/index.php\/wp-json\/wp\/v2\/pages\/348\/revisions\/349"}],"wp:attachment":[{"href":"https:\/\/herbavitaswiss.ch\/index.php\/wp-json\/wp\/v2\/media?parent=348"}],"curies":[{"name":"wp","href":"https:\/\/api.w.org\/{rel}","templated":true}]}}